{"id":164,"date":"2023-04-11T18:07:19","date_gmt":"2023-04-11T15:07:19","guid":{"rendered":"https:\/\/ambvilnius.esteri.it\/chi-siamo\/numeri-di-emergenza\/"},"modified":"2024-09-12T09:43:32","modified_gmt":"2024-09-12T06:43:32","slug":"numeri-di-emergenza","status":"publish","type":"page","link":"https:\/\/ambvilnius.esteri.it\/lt\/chi-siamo\/numeri-di-emergenza\/","title":{"rendered":"Pagalbos numeriai"},"content":{"rendered":"<p><strong>Ekstremali situacija ir saugumas: naudinga informacija italams Lietuvoje<\/strong><\/p>\n<p>Daugiau informacijos apie saugum\u0105 keliaujant po Lietuv\u0105 rasite U\u017esienio reikal\u0173 ministerijos svetain\u0117je <a href=\"http:\/\/www.viaggiaresicuri.it\/paesi\/dettaglio\/lituania.html\">\u201eViaggiare sicuri\u201c<\/a>.<\/p>\n<p>Jei patektum\u0117te \u012f b\u0117d\u0105 savaitgal\u012f ar po darbo valand\u0173 (pirmadien\u012f-penktadien\u012f nuo 9:00 iki 16:00), skambinkite \u0161iuo numeriu: +370 682 62006<\/p>\n","protected":false},"excerpt":{"rendered":"Ekstremali situacija ir saugumas: naudinga informacija italams Lietuvoje Daugiau informacijos apie saugum\u0105 keliaujant po Lietuv\u0105 rasite U\u017esienio reikal\u0173 ministerijos svetain\u0117je \u201eViaggiare sicuri\u201c. Jei patektum\u0117te \u012f b\u0117d\u0105 savaitgal\u012f ar po darbo valand\u0173 (pirmadien\u012f-penktadien\u012f nuo 9:00 iki 16:00), skambinkite \u0161iuo numeriu: +370 682 62006","protected":false},"author":1,"featured_media":0,"parent":154,"menu_order":6,"comment_status":"closed","ping_status":"closed","template":"","meta":{"footnotes":""},"class_list":["post-164","page","type-page","status-publish","hentry"],"_links":{"self":[{"href":"https:\/\/ambvilnius.esteri.it\/lt\/wp-json\/wp\/v2\/pages\/164","targetHints":{"allow":["GET"]}}],"collection":[{"href":"https:\/\/ambvilnius.esteri.it\/lt\/wp-json\/wp\/v2\/pages"}],"about":[{"href":"https:\/\/ambvilnius.esteri.it\/lt\/wp-json\/wp\/v2\/types\/page"}],"author":[{"embeddable":true,"href":"https:\/\/ambvilnius.esteri.it\/lt\/wp-json\/wp\/v2\/users\/1"}],"replies":[{"embeddable":true,"href":"https:\/\/ambvilnius.esteri.it\/lt\/wp-json\/wp\/v2\/comments?post=164"}],"version-history":[{"count":2,"href":"https:\/\/ambvilnius.esteri.it\/lt\/wp-json\/wp\/v2\/pages\/164\/revisions"}],"predecessor-version":[{"id":1454,"href":"https:\/\/ambvilnius.esteri.it\/lt\/wp-json\/wp\/v2\/pages\/164\/revisions\/1454"}],"up":[{"embeddable":true,"href":"https:\/\/ambvilnius.esteri.it\/lt\/wp-json\/wp\/v2\/pages\/154"}],"wp:attachment":[{"href":"https:\/\/ambvilnius.esteri.it\/lt\/wp-json\/wp\/v2\/media?parent=164"}],"curies":[{"name":"wp","href":"https:\/\/api.w.org\/{rel}","templated":true}]}}