{"id":163,"date":"2023-04-11T18:01:19","date_gmt":"2023-04-11T15:01:19","guid":{"rendered":"https:\/\/ambvilnius.esteri.it\/chi-siamo\/gli-uffici\/"},"modified":"2025-01-07T09:09:20","modified_gmt":"2025-01-07T07:09:20","slug":"gli-uffici","status":"publish","type":"page","link":"https:\/\/ambvilnius.esteri.it\/lt\/chi-siamo\/gli-uffici\/","title":{"rendered":"Biurai"},"content":{"rendered":"<p><strong>Darbo laikas:<\/strong><\/p>\n<p>Konsulin\u0117 \u012fstaiga priima <u>tik i\u0161 anksto susitarus<\/u> telefonu arba el. pa\u0161tu <a href=\"mailto:consolare.vilnius@esteri.it\">consolare.vilnius@esteri.it<\/a>:<\/p>\n<p>Pirmadienis: 9:00 &#8211; 11:00<\/p>\n<p>Antradienis: 9:00 &#8211; 11:00 ir 14:30 &#8211; 15:30<\/p>\n<p>Ketvirtadienis: 9:00 &#8211; 11:00<\/p>\n<p>Penktadienis: 9:00 &#8211; 11:00.<\/p>\n<p>&nbsp;<\/p>\n<p><strong>Ambasada yra u\u017edaryta \u0161iomis valstybini\u0173 \u0161ven\u010di\u0173 dienomis:<\/strong><\/p>\n<p>Nauj\u0173j\u0173 met\u0173 diena (sausio 1 d.)<\/p>\n<p>Lietuvos Valstyb\u0117s atk\u016brimo diena (vasario 16 d.)<\/p>\n<p>Lietuvos Nepriklausomyb\u0117s atk\u016brimo diena (kovo 11 d.)<\/p>\n<p>Antroji Velyk\u0173 diena (baland\u017eio 21 d.)<\/p>\n<p>I\u0161sivadavimo diena (baland\u017eio 25 d.)<\/p>\n<p>Tarptautin\u0117 darbinink\u0173 diena (gegu\u017e\u0117s 1 d.)<\/p>\n<p>Respublikos diena (bir\u017eelio 2 d.)<\/p>\n<p>\u017dolin\u0117 (rugpj\u016b\u010dio 15 d.)<\/p>\n<p>Vis\u0173 \u0161vent\u0173j\u0173 diena (lapkri\u010dio 1 d.)<\/p>\n<p>\u0160v. Kal\u0117dos (gruod\u017eio 25 d.)<\/p>\n<p>\u0160v. Kal\u0117d\u0173 antroji diena (gruod\u017eio 26 d.)<\/p>\n","protected":false},"excerpt":{"rendered":"Darbo laikas: Konsulin\u0117 \u012fstaiga priima tik i\u0161 anksto susitarus telefonu arba el. pa\u0161tu consolare.vilnius@esteri.it: Pirmadienis: 9:00 &#8211; 11:00 Antradienis: 9:00 &#8211; 11:00 ir 14:30 &#8211; 15:30 Ketvirtadienis: 9:00 &#8211; 11:00 Penktadienis: 9:00 &#8211; 11:00. &nbsp; Ambasada yra u\u017edaryta \u0161iomis valstybini\u0173 \u0161ven\u010di\u0173 dienomis: Nauj\u0173j\u0173 met\u0173 diena (sausio 1 d.) Lietuvos Valstyb\u0117s atk\u016brimo diena (vasario 16 d.) [&hellip;]","protected":false},"author":1,"featured_media":0,"parent":154,"menu_order":4,"comment_status":"closed","ping_status":"closed","template":"","meta":{"footnotes":""},"class_list":["post-163","page","type-page","status-publish","hentry"],"_links":{"self":[{"href":"https:\/\/ambvilnius.esteri.it\/lt\/wp-json\/wp\/v2\/pages\/163","targetHints":{"allow":["GET"]}}],"collection":[{"href":"https:\/\/ambvilnius.esteri.it\/lt\/wp-json\/wp\/v2\/pages"}],"about":[{"href":"https:\/\/ambvilnius.esteri.it\/lt\/wp-json\/wp\/v2\/types\/page"}],"author":[{"embeddable":true,"href":"https:\/\/ambvilnius.esteri.it\/lt\/wp-json\/wp\/v2\/users\/1"}],"replies":[{"embeddable":true,"href":"https:\/\/ambvilnius.esteri.it\/lt\/wp-json\/wp\/v2\/comments?post=163"}],"version-history":[{"count":4,"href":"https:\/\/ambvilnius.esteri.it\/lt\/wp-json\/wp\/v2\/pages\/163\/revisions"}],"predecessor-version":[{"id":1555,"href":"https:\/\/ambvilnius.esteri.it\/lt\/wp-json\/wp\/v2\/pages\/163\/revisions\/1555"}],"up":[{"embeddable":true,"href":"https:\/\/ambvilnius.esteri.it\/lt\/wp-json\/wp\/v2\/pages\/154"}],"wp:attachment":[{"href":"https:\/\/ambvilnius.esteri.it\/lt\/wp-json\/wp\/v2\/media?parent=163"}],"curies":[{"name":"wp","href":"https:\/\/api.w.org\/{rel}","templated":true}]}}