{"id":154,"date":"2023-04-11T17:07:36","date_gmt":"2023-04-11T14:07:36","guid":{"rendered":"https:\/\/ambvilnius.esteri.it\/chi-siamo\/"},"modified":"2025-01-07T08:58:15","modified_gmt":"2025-01-07T06:58:15","slug":"chi-siamo","status":"publish","type":"page","link":"https:\/\/ambvilnius.esteri.it\/lt\/chi-siamo\/","title":{"rendered":"Kas mes esame"},"content":{"rendered":"<p><strong>KAS MES ESAME<\/strong><\/p>\n<p>Italijos ambasadoje Lietuvoje vadovauja ambasadorius Emanuele de Maigret. M\u016bs\u0173 komand\u0105 sudaro Italijos u\u017esienio reikal\u0173 ministerijos darbuotojai ir vietiniai darbuotojai, dirbantys \u012fvairiuose skyriuose.<\/p>\n<p><strong>K\u0104 MES VEIKIAME<\/strong><\/p>\n<p>Pagal 1961 m. baland\u017eio 18 d. Vienos konvencij\u0105 d\u0117l diplomatini\u0173 santyki\u0173, Italijos ambasada Vilniuje vykdo \u0161ias funkcijas:<\/p>\n<p>\u2013 atstovauti Italijai Lietuvoje;<\/p>\n<p>\u2013 ginti Italijos ir jos pilie\u010di\u0173 interesus, kiek tai leid\u017eia tarptautin\u0117 teis\u0117;<\/p>\n<p>\u2013 vesti derybas su Lietuvos Respublikos vyriausybe;<\/p>\n<p>\u2013 visomis teis\u0117tomis priemon\u0117mis rinkti informacij\u0105 apie pad\u0117t\u012f ir \u012fvyki\u0173 eig\u0105 Lietuvoje ir teikti ataskaitas Italijos valstybei;<\/p>\n<p>\u2013 skatinti draugi\u0161kus santykius ir pl\u0117toti ekonominius, kult\u016brinius ir mokslinius santykius tarp Italijos ir Lietuvos.<\/p>\n<p>Ambasada taip pat vykdo \u012fvairi\u0105 veikl\u0105, skirt\u0105 remti Italijos \u012fmones, skatinti Italij\u0105 ir didinti Italijos kult\u016bros bei kalbos pa\u017einim\u0105, koordinuodama savo veiksmus su <a href=\"https:\/\/iicvilnius.esteri.it\/it\/\">Italijos kult\u016bros institutu Vilniuje<\/a>.<\/p>\n<p>Italijos ambasada Vilniuje taip pat teikia \u012fvairias konsulines paslaugas Italijos pilie\u010diams ir u\u017esienie\u010diams, gyvenantiems Lietuvos Respublikos teritorijoje.<\/p>\n","protected":false},"excerpt":{"rendered":"KAS MES ESAME Italijos ambasadoje Lietuvoje vadovauja ambasadorius Emanuele de Maigret. M\u016bs\u0173 komand\u0105 sudaro Italijos u\u017esienio reikal\u0173 ministerijos darbuotojai ir vietiniai darbuotojai, dirbantys \u012fvairiuose skyriuose. K\u0104 MES VEIKIAME Pagal 1961 m. baland\u017eio 18 d. Vienos konvencij\u0105 d\u0117l diplomatini\u0173 santyki\u0173, Italijos ambasada Vilniuje vykdo \u0161ias funkcijas: \u2013 atstovauti Italijai Lietuvoje; \u2013 ginti Italijos ir jos pilie\u010di\u0173 [&hellip;]","protected":false},"author":1,"featured_media":0,"parent":0,"menu_order":2,"comment_status":"closed","ping_status":"closed","template":"","meta":{"footnotes":""},"class_list":["post-154","page","type-page","status-publish","hentry"],"_links":{"self":[{"href":"https:\/\/ambvilnius.esteri.it\/lt\/wp-json\/wp\/v2\/pages\/154","targetHints":{"allow":["GET"]}}],"collection":[{"href":"https:\/\/ambvilnius.esteri.it\/lt\/wp-json\/wp\/v2\/pages"}],"about":[{"href":"https:\/\/ambvilnius.esteri.it\/lt\/wp-json\/wp\/v2\/types\/page"}],"author":[{"embeddable":true,"href":"https:\/\/ambvilnius.esteri.it\/lt\/wp-json\/wp\/v2\/users\/1"}],"replies":[{"embeddable":true,"href":"https:\/\/ambvilnius.esteri.it\/lt\/wp-json\/wp\/v2\/comments?post=154"}],"version-history":[{"count":3,"href":"https:\/\/ambvilnius.esteri.it\/lt\/wp-json\/wp\/v2\/pages\/154\/revisions"}],"predecessor-version":[{"id":1550,"href":"https:\/\/ambvilnius.esteri.it\/lt\/wp-json\/wp\/v2\/pages\/154\/revisions\/1550"}],"wp:attachment":[{"href":"https:\/\/ambvilnius.esteri.it\/lt\/wp-json\/wp\/v2\/media?parent=154"}],"curies":[{"name":"wp","href":"https:\/\/api.w.org\/{rel}","templated":true}]}}