{"id":90,"date":"2023-04-11T18:22:23","date_gmt":"2023-04-11T16:22:23","guid":{"rendered":"https:\/\/ambasciatapraga.esteri.it\/?page_id=90"},"modified":"2025-07-01T10:02:24","modified_gmt":"2025-07-01T07:02:24","slug":"cittadinanza","status":"publish","type":"page","link":"https:\/\/ambvilnius.esteri.it\/it\/servizi-consolari-e-visti\/servizi-per-il-cittadino-straniero\/cittadinanza\/","title":{"rendered":"Cittadinanza"},"content":{"rendered":"<h1><a name=\"_Toc201249289\"><\/a>Cittadinanza e Adozione<\/h1>\n<p>Il decreto-legge 28 marzo 2025, n. 36, \u00e8 stato convertito con modificazioni nella\u00a0<strong>legge<\/strong>\u00a0<strong>23 maggio 2025, n. 74<\/strong>, con vigenza dal 24 maggio 2025.<\/p>\n<p>La legge di conversione riforma la\u00a0<strong>legge 5 febbraio 1992, n. 91<\/strong>, il cui nuovo testo integrale \u00e8 disponibile al seguente\u00a0<a href=\"https:\/\/www.normattiva.it\/uri-res\/N2Ls?urn:nir:stato:legge:1992-02-05;91!vig=\">link<\/a><\/p>\n<p>Si attira, in particolare, l\u2019attenzione sul\u00a0<strong>nuovo art. 3-bis:<\/strong><\/p>\n<p style=\"text-align: justify;\"><em>In deroga agli articoli 1, 2, 3, 14 e 20 della presente legge, all\u2019articolo 5 della legge 21 aprile 1983, n. 123, agli articoli 1, 2, 7, 10, 12 e 19 della legge 13 giugno 1912, n. 555, nonch\u00e9 agli articoli 4, 5, 7, 8 e 9 del codice civile approvato con regio decreto 25 giugno 1865, n. 2358, \u00e8 considerato non avere mai acquistato la cittadinanza italiana chi \u00e8 nato all\u2019estero anche prima della data di entrata in vigore del presente articolo ed \u00e8 in possesso di altra cittadinanza, salvo che ricorra una delle seguenti condizioni:<\/em><\/p>\n<ol>\n<li><em>a) lo stato di cittadino dell\u2019interessato \u00e8 riconosciuto, nel rispetto della normativa applicabile al 27 marzo 2025, a seguito di domanda, corredata della necessaria documentazione, presentata all\u2019ufficio consolare o al sindaco competenti non oltre le 23:59, ora di Roma, della medesima data;<\/em><\/li>\n<\/ol>\n<p style=\"text-align: justify;\"><em>a-bis) lo stato di cittadino dell\u2019interessato \u00e8 riconosciuto, nel rispetto della normativa applicabile al 27 marzo 2025, a seguito di domanda, corredata della necessaria documentazione, presentata all\u2019ufficio consolare o al sindaco competenti nel giorno indicato da appuntamento comunicato all\u2019interessato dall\u2019ufficio competente entro le 23:59, ora di Roma, della medesima data del 27 marzo 2025;<\/em><\/p>\n<ol>\n<li style=\"text-align: justify;\"><em>b) lo stato di cittadino dell\u2019interessato \u00e8 accertato giudizialmente, nel rispetto della normativa applicabile al 27 marzo 2025, a seguito di domanda giudiziale presentata non oltre le 23:59, ora di Roma, della medesima data;<\/em><\/li>\n<li style=\"text-align: justify;\"><em>c) un ascendente di primo o di secondo grado possiede, o possedeva al momento della morte, esclusivamente la cittadinanza italiana;<\/em><\/li>\n<li style=\"text-align: justify;\"><em>d) un genitore o adottante \u00e8 stato residente in Italia per almeno due anni continuativi successivamente all\u2019acquisto della cittadinanza italiana e prima della data di nascita o di adozione del figlio.<\/em><\/li>\n<\/ol>\n<p>\u2014 \u2014 \u2014<\/p>\n<p>Pertanto, in base alla nuova legge n.91 del 1992 \u00e8 riconosciuto cittadino italiano\u00a0<em>iure sanguinis<\/em>\u00a0(dalla nascita):<\/p>\n<ul>\n<li>il richiedente\u00a0<strong>nato in Italia<\/strong>\u00a0in qualsiasi data;<\/li>\n<li>il richiedente che ha esclusivamente la cittadinanza italiana<strong>, ossia che<\/strong>\u00a0<strong>non ha n\u00e9 pu\u00f2 avere nessun\u2019altra cittadinanza;<\/strong><\/li>\n<li>il richiedente che rientra in\u00a0<strong>uno dei casi<\/strong>\u00a0elencati nelle\u00a0<strong>lettere a), a-bis), b), c) e d) dell\u2019articolo 3-bis<\/strong><\/li>\n<\/ul>\n<p>\u2014 \u2014 \u2014<\/p>\n<p>Alla luce della nuova legge si precisa che:<\/p>\n<p><strong>1) Solo le domande presentate prima del 27 marzo 2025 alle ore 23.59 ora italiana, corredate della necessaria documentazione, seguono la\u00a0normativa precedente<\/strong><\/p>\n<p>Per domande\u00a0<em>\u201cpresentate\u201d<\/em>\u00a0si intende:<\/p>\n<ul>\n<li>Consegnate allo sportello dell\u2019Ufficio consolare prima della data ed ora sopra indicate;<\/li>\n<li>Spedite per posta con tracciamento di data ed ora antecedenti al termine sopra indicato;<\/li>\n<li>Spedite per posta senza tracciamento di data ed ora, e ricevute dell\u2019Ufficio consolare prima del termine sopra indicato;<\/li>\n<li>Ricevute su Fast-It prima del termine sopra indicato.<\/li>\n<\/ul>\n<p style=\"text-align: justify;\"><strong>2) Solo le domande, corredate della necessaria documentazione, presentate all\u2019Ufficio consolare nel giorno indicato da appuntamento fissato e comunicato all\u2019interessato dall\u2019ufficio competente entro le 23:59, ora di Roma del 27 marzo 2025 seguono la\u00a0normativa precedente<\/strong><\/p>\n<p style=\"text-align: justify;\">Per\u00a0<em>\u201cappuntamento comunicato all\u2019interessato dall\u2019Ufficio competente\u201d<\/em>\u00a0si intende la conferma a mezzo posta elettronica ricevuta dall\u2019interessato dal portale Prenot@mi o dall\u2019indirizzo e-mail istituzionale della Sezione dell\u2019Ufficio consolare competente per l\u2019istanza.<\/p>\n<p style=\"text-align: justify;\"><strong>3) In ogni altra circostanza, alle domande si applica la nuova normativa.<\/strong><\/p>\n<p>Le tariffe consolari applicabili sono disponibili a questa\u00a0<a href=\"https:\/\/www.esteri.it\/it\/servizi-consolari-e-visti\/normativa_consolare\/tariffa-consolare\/\">pagina<\/a>.<\/p>\n<p>Per la <strong>necessaria documentazione da presentare<\/strong>, gli interessati dovranno fornire:<\/p>\n<ol>\n<li style=\"text-align: justify;\">Quanto previsto dalla Circolare K.28.1 dell\u20198 aprile 1991 del Ministero dell\u2019Interno, ovverosia:<\/li>\n<li style=\"text-align: justify;\">Estratto dell\u2019atto di nascita dell\u2019avo italiano emigrato all\u2019estero rilasciato dal Comune italiano ove egli nacque;<\/li>\n<li style=\"text-align: justify;\">Atti di nascita, muniti di traduzione ufficiale italiana, di tutti i suoi discendenti in linea retta, compreso quello della persona rivendicante il possesso della cittadinanza italiana;<\/li>\n<li style=\"text-align: justify;\">Atto di matrimonio dell\u2019avo italiano emigrato all\u2019estero, munito di traduzione ufficiale italiana se formato all\u2019estero;<\/li>\n<li style=\"text-align: justify;\">Atti di matrimonio dei suoi discendenti, in linea retta, compreso quello dei genitori della persona rivendicante il possesso della cittadinanza italiana;<\/li>\n<li style=\"text-align: justify;\">Certificato rilasciato dalle competenti Autorit\u00e0 dello Stato estero di emigrazione, munito di traduzione ufficiale in lingua italiana, attestante che l\u2019avo italiano a suo tempo emigrato dall\u2019Italia non acquist\u00f2 la cittadinanza dello Stato estero di emigrazione anteriormente alla nascita dell\u2019ascendente dell\u2019interessato;<\/li>\n<li style=\"text-align: justify;\">Certificato rilasciato dalla competente Autorit\u00e0 consolare italiana attestante che n\u00e9 gli ascendenti in linea diretta n\u00e9 la persona rivendicante il possesso della cittadinanza italiana vi abbiano mai rinunciato ai termini dell\u2019art. 7 della legge 13 giugno 1912, n. 555;<\/li>\n<li style=\"text-align: justify;\">Certificato di residenza.<\/li>\n<li style=\"text-align: justify;\">Per l\u2019applicazione della <strong>nuova normativa<\/strong>, si dovranno <u>inoltre<\/u> produrre:<\/li>\n<\/ol>\n<ul>\n<li style=\"text-align: justify;\">Per dimostrare l\u2019esclusivo possesso della cittadinanza italiana (a titolo esemplificativo):\n<ul>\n<li>Certificati negativi di cittadinanza;<\/li>\n<li>Attestazioni di rinuncia alla cittadinanza;<\/li>\n<li>Certificati di non iscrizione alle liste elettorali;<\/li>\n<\/ul>\n<\/li>\n<li>Per dimostrare l\u2019avvenuta residenza in Italia per almeno due anni continuativi;\n<ul>\n<li style=\"text-align: justify;\">Certificato storico di cittadinanza.<\/li>\n<\/ul>\n<\/li>\n<\/ul>\n<p>\u2014 \u2014 \u2014<\/p>\n<p>Attraverso i link a destra, \u00e8 possibile accedere alle informazioni relative ad altre modalit\u00e0 specifiche di acquisizione della Cittadinanza italiana:<\/p>\n<ul>\n<li>Acquisto della Cittadinanza per \u201cbeneficio di legge\u201d (figli minori)<\/li>\n<li>Acquisto della Cittadinanza di figli minori conviventi con genitore non cittadino dalla nascita<\/li>\n<li>Riacquisto della cittadinanza<\/li>\n<li>Naturalizzazione per matrimonio<\/li>\n<li>Riconoscimento in base a leggi speciali<\/li>\n<li>Certificato di \u201cnon rinuncia\u201d<\/li>\n<\/ul>\n<h1><a name=\"_Toc201249290\"><\/a>Acquisto della Cittadinanza per \u201cbeneficio di legge\u201d (figli minori nati all\u2019estero)<\/h1>\n<p style=\"text-align: justify;\">In due casi, previsti dal comma 1-bis dell\u2019articolo 4 della legge n. 91\/1992 e dall\u2019articolo 1, comma 1-ter del decreto-legge n. 36\/2025, i\u00a0<strong>figli minorenni nati all\u2019estero<\/strong>\u00a0da genitore cittadino che non trasmette automaticamente la cittadinanza possono acquistare la cittadinanza italiana.<\/p>\n<p style=\"text-align: justify;\">Il\u00a0<strong>minore<\/strong>\u00a0che ne beneficia\u00a0<strong>non<\/strong>\u00a0sar\u00e0\u00a0<strong>cittadino per nascita<\/strong>\u00a0o\u00a0<em>iure sanguinis<\/em>.<\/p>\n<p style=\"text-align: justify;\">In base all\u2019articolo 15 della legge n. 91\/1992, il minore non acquista la cittadinanza dal giorno della nascita, ma dal giorno successivo in cui si saranno verificate le condizioni previste dalla legge.<\/p>\n<p style=\"text-align: justify;\"><strong>Nel primo caso (<u>comma 1-bis dell\u2019articolo 4 della legge n. 91\/1992<\/u>)\u00a0<\/strong>i seguenti presupposti devono essere posseduti\u00a0<strong>congiuntamente<\/strong>:<\/p>\n<ul style=\"text-align: justify;\">\n<li><strong>uno dei genitori \u00e8<\/strong>\u00a0<strong>cittadino\u00a0<u>per nascita<\/u>.\u00a0<\/strong>Si escludono quindi i casi di cittadini per naturalizzazione ai sensi dell\u2019articolo 9 della legge n. 91\/1992 o \u201cper beneficio di legge\u201d ai sensi dell\u2019articolo 4 della legge n. 91\/1992 ovvero per matrimonio ai sensi dell\u2019articolo 5 della legge n. 91\/1992 o dell\u2019articolo 10 della legge n. 555\/1912 oppure per riacquisto ai sensi degli articoli 13 o 17 della legge n. 91\/1992 ovvero\u00a0<em>iuris communicatione<\/em> (art. 14 della legge n. 91\/1992).<\/li>\n<li><strong><u>entrambi<\/u><\/strong>\u00a0i genitori (incluso il genitore straniero) o il tutore presentano una\u00a0<strong>dichiarazione di volont\u00e0 di acquisto della cittadinanza entro un anno dalla nascita<\/strong>\u00a0(o dalla data successiva in cui \u00e8 stabilita la filiazione da cittadino italiano o in cui \u00e8 decisa l\u2019adozione da parte di cittadino italiano durante la minore et\u00e0 del figlio). In caso di riconoscimento della filiazione in tempi successivi da parte di genitori entrambi cittadini italiani per nascita, il termine di un anno decorrer\u00e0 dal primo riconoscimento (perch\u00e9 gi\u00e0 il primo riconoscimento comporta la trasmissione della cittadinanza). Se invece avviene prima il riconoscimento da parte di genitore straniero (o cittadino italiano non per nascita ma ad altro titolo), il termine di un anno sar\u00e0 computato a partire dal riconoscimento da parte del secondo genitore cittadino per nascita.<\/li>\n<\/ul>\n<p style=\"text-align: justify;\"><strong>La dichiarazione di volont\u00e0 di acquisto della cittadinanza deve essere formale e avvenire di persona, alla presenza di dipendente delegato all\u2019esercizio delle funzioni di stato civile.<\/strong>\u00a0Se i genitori non rendono la dichiarazione contestualmente, il requisito di legge si considera soddisfatto alla data in cui \u00e8 presentata la dichiarazione del secondo genitore. Se la filiazione (anche adottiva) \u00e8 stabilita nei confronti di una sola persona (o se l\u2019altro genitore \u00e8 deceduto), sar\u00e0 sufficiente la dichiarazione di un solo genitore.<\/p>\n<p style=\"text-align: justify;\">Nel caso di stabilimento della residenza legale del minore in Italia, la dichiarazione pu\u00f2 essere presentata anche successivamente al termine di un anno dalla nascita, ma la residenza deve perdurare per almeno due anni continuativi dopo la dichiarazione di volont\u00e0 di acquisto della cittadinanza presentata dai genitori.<\/p>\n<p style=\"text-align: justify;\">Il\u00a0<strong>secondo caso<\/strong>\u00a0<strong>(<u>comma 1-ter dell\u2019articolo 1 del decreto-legge n. 36\/2025<\/u>)\u00a0<\/strong>si applica quando sussistono\u00a0<strong>tutte\u00a0<\/strong>le condizioni seguenti:<\/p>\n<ul style=\"text-align: justify;\">\n<li>persone\u00a0<strong><u>minorenni alla data di entrata in vigore della legge di conversione<\/u><\/strong>,cio\u00e8 persone che non avevano compiuto il 18\u00b0 anno di et\u00e0 al\u00a0<strong>24 maggio 2025<\/strong>;<\/li>\n<li><strong>figli di cittadini\u00a0<u>per nascita<\/u><\/strong><strong>che si trovano nelle condizioni previste dalle lettere a), a-bis) e b) dell\u2019articolo 3-bis della legge n. 91\/1992.\u00a0<\/strong>In altri termini, i genitori devono essere riconosciuti cittadini sulla base di domanda amministrativa o giudiziale presentata entro le 23:59 (ora di Roma) del 27 marzo 2025 o sulla base di domanda presentata sulla base di appuntamento comunicato dall\u2019Ufficio consolare o dal Comune entro la medesima data;<\/li>\n<li>la dichiarazione dei genitori o del tutore deve essere presentata all\u2019Ufficio consolare\u00a0<strong><u>entro il 31 maggio 2026<\/u><\/strong>. Se l\u2019interessato, minorenne alla data del 24 maggio 2025, diviene nel frattempo maggiorenne, la dichiarazione dovr\u00e0 essere presentata da lui personalmente entro il medesimo termine.<\/li>\n<\/ul>\n<p style=\"text-align: justify;\">Le\u00a0<strong>dichiarazioni dovranno essere rese presenzialmente presso l\u2019Ufficio consolare davanti a dipendenti delegati alle funzioni di Stato Civile<\/strong>.<\/p>\n<p style=\"text-align: justify;\">Occorrer\u00e0 allegare anche documento d\u2019identit\u00e0 del richiedente e del figlio\/a,\u00a0prova di residenza nella circoscrizione consolare, oltre alla documentazione elencata nel modulo di dichiarazione pertinente.<\/p>\n<p style=\"text-align: justify;\">Per i cittadini italiani iscritti all\u2019AIRE della circoscrizione consolare di residenza, il certificato di cittadinanza italiana per nascita del padre o madre potr\u00e0 essere sostituito da una\u00a0dichiarazione sostitutiva di certificazione.<\/p>\n<p style=\"text-align: justify;\">In base all\u2019articolo 9-bis della legge n. 91\/1992, si applica il\u00a0<strong><u>pagamento del contributo<\/u><\/strong>\u00a0a favore del Ministero dell\u2019Interno di\u00a0<strong>250 euro<\/strong>,\u00a0<strong>per ciascun minorenne<\/strong>, con bonifico bancario, con eventuali spese a carico di chi dispone il bonifico:<\/p>\n<p style=\"text-align: justify;\">\u201cMinistero dell\u2019Interno D.L.C.I Cittadinanza\u201d<br \/>\n<strong>Nome della Banca:<\/strong>\u00a0Poste Italiane S.p.A.<br \/>\n<strong>Codice IBAN:<\/strong>\u00a0IT54D0760103200000000809020<br \/>\n<strong>Causale del versamento:<\/strong>\u00a0Acquisto cittadinanza a seguito di dichiarazione ex art. 9-bis L. 91\/1992 e nome e cognome del richiedente<br \/>\n<strong>Codice BIC\/SWIFT di Poste Italiane:<\/strong>\u00a0 BPPIITRRXXX\u00a0<strong>(per bonifici esteri)<br \/>\nCodice BIC\/SWIFT: PIBPITRA (per operazioni del circuito EUROGIRO)<\/strong><\/p>\n<p style=\"text-align: justify;\">Alla cittadinanza italiana acquistata nei modi sopra indicati l\u2019interessato, una volta divenuto maggiorenne, pu\u00f2 fare rinuncia, con la sola condizione che non si produca una condizione di apolidia.<\/p>\n<h1 style=\"text-align: justify;\"><a name=\"_Toc201249291\"><\/a>Acquisto della Cittadinanza di figli minori conviventi con genitore non cittadino dalla nascita<\/h1>\n<p style=\"text-align: justify;\">L\u2019articolo 14 della legge n. 91\/1992, novellato dal decreto-legge n. 36\/2025 cos\u00ec come convertito dalla legge n. 74\/2025, prevede che, per acquistare la cittadinanza con questa modalit\u00e0,\u00a0<strong>il figlio di cittadini italiani non dalla nascita deve essere\u00a0legalmente residente in Italia da almeno due anni continuativi<\/strong>\u00a0<strong>al momento dell\u2019acquisto o del riacquisto della cittadinanza italiana da parte del genitore<\/strong>\u00a0(se il figlio ha et\u00e0 inferiore a due anni, deve essere stato residente in Italia dalla nascita).<\/p>\n<p style=\"text-align: justify;\">Si specifica che:<\/p>\n<ul style=\"text-align: justify;\">\n<li>Nel caso la pratica di riconoscimento della cittadinanza <em>iure communicatione<\/em> rientri, per le modalit\u00e0 di presentazione, nelle eccezioni individuate dalle lettere a), a-bis) o b) dell\u2019articolo 3-bis della legge n. 91\/1992 (ovvero, domanda \u2013 amministrativa o giudiziale \u2013 presentata entro il 27 marzo 2025, oppure domanda presentata in sede di appuntamento indicato entro il 27 marzo 2025), si applicher\u00e0 la disciplina precedente.<\/li>\n<li>Se la pratica di riconoscimento della cittadinanza <em>iure communicatione<\/em> \u00e8 stata presentata a partire dal 28 marzo 2025, \u00e8 necessario che il genitore che trasmette la cittadinanza sia esclusivamente cittadino italiano oppure abbia risieduto in Italia per due anni prima della nascita del figlio.<\/li>\n<li>se\u00a0<strong>l\u2019acquisto o il riacquisto della cittadinanza da parte del genitore avviene a partire dal 24 maggio 2025<\/strong>, il figlio convivente con il genitore che acquista o riacquista la cittadinanza italiana deve essere stato residente in Italia da almeno due anni prima della naturalizzazione del genitore.\u00a0<strong>In questo caso, la competenza dell\u2019accertamento dell\u2019acquisto della cittadinanza da parte del minore sar\u00e0 di competenza del Comune italiano di residenza.<\/strong><\/li>\n<\/ul>\n<h1><a name=\"_Toc201249292\"><\/a>Riacquisto della cittadinanza<\/h1>\n<p style=\"text-align: justify;\">La legge n. 74 del 23 maggio 2025 ha riaperto i termini per il riacquisto della cittadinanza a favore di ex cittadini\u00a0<strong>nati in Italia\u00a0o che sono stati\u00a0residenti in Italia\u00a0per almeno due anni continuativi e che abbiano perso la cittadinanza non oltre il 15 agosto 1992\u00a0<\/strong>in applicazione dell\u2019articolo 8, n. 1 e n. 2, o dell\u2019articolo 12 della legge n. 555 del 1912 (naturalizzazione in Paese straniero, rinuncia alla cittadinanza a seguito di involontario acquisto di cittadinanza straniera, figli minori conviventi di genitore che ha perso la cittadinanza). La possibilit\u00e0 di riacquisto\u00a0<strong>non si applica a coloro che hanno rinunciato alla cittadinanza italiana\u00a0<\/strong>(o che l\u2019hanno persa per altro motivo)\u00a0<strong>a partire dal 16 agosto 1992<\/strong>.<\/p>\n<p style=\"text-align: justify;\">Le dichiarazioni di riacquisto potranno essere presentate\u00a0<strong>tra il 1\u00b0 luglio 2025 e il 31 dicembre 2027<\/strong>.<\/p>\n<p style=\"text-align: justify;\">L\u2019interessato al riacquisto deve presentare:<\/p>\n<ol style=\"text-align: justify;\">\n<li>Valido documento di identit\u00e0 emesso dall\u2019Autorit\u00e0 del Paese di attuale cittadinanza;<\/li>\n<li>Certificato di nascita: se nato all\u2019estero, dovr\u00e0 essere presentato nelle forme previste per la trascrizione in Italia, legalizzato e tradotto;<\/li>\n<li>Per i nati all\u2019estero, certificato storico di residenza rilasciato dal Comune italiano competente;<\/li>\n<li>Certificato storico di cittadinanza;<\/li>\n<li>Documentazione che dimostri la causa e la data della perdita della cittadinanza (si dovr\u00e0 dimostrare l\u2019acquisto della cittadinanza straniera e, nei casi previsti, la rinuncia a quella italiana: <strong>certificato di naturalizzazione<\/strong> oppure, se previsto dalla prassi locale, certificato di nascita corredato della certificazione di cittadinanza e del titolo al quale essa \u00e8 acquisita; la documentazione emessa da Autorit\u00e0 straniere dovr\u00e0 essere opportunamente legalizzata e tradotta).<\/li>\n<\/ol>\n<p style=\"text-align: justify;\">Per le dichiarazioni di riacquisto della cittadinanza italiana \u00e8 richiesto un contributo di \u20ac250, versato presso l\u2019Ufficio consolare.<\/p>\n<p style=\"text-align: justify;\">La dichiarazione deve essere resa dall\u2019interessato <u>personalmente<\/u>.<\/p>\n<p style=\"text-align: justify;\">In base all\u2019articolo 15 della legge n. 91\/1992, l\u2019interessato non riacquista la cittadinanza dal giorno della nascita, ma dal giorno successivo in cui si rende la dichiarazione.<\/p>\n<h1><a name=\"_Toc201249293\"><\/a>Riconoscimento in base a leggi speciali<\/h1>\n<p style=\"text-align: justify;\">La legge del 14 dicembre 2000, n. 379, prevede il riconoscimento della cittadinanza italiana a favore delle persone nate e residenti nei territori dell\u2019ex Impero Austro-Ungarico e dei loro discendenti che possiedono i requisiti necessari.<\/p>\n<p style=\"text-align: justify;\">Il termine per l\u2019accoglimento della Legge 379\/2000 \u00e8 scaduto il 19\/12\/2010.<\/p>\n<p style=\"text-align: justify;\">La legge dell\u20198 marzo 2006, n. 124, prevede il riconoscimento della cittadinanza italiana a favore dei connazionali che l\u2019hanno persa per aver risieduto dal 1940 al 1947 in Istria, Fiume e Dalmazia.<\/p>\n<p style=\"text-align: justify;\">Il riconoscimento della cittadinanza italiana in base a leggi speciali configura un acquisto per beneficio di legge: non \u00e8 pertanto possibile, per il genitore cittadino, rendere la dichiarazione di volont\u00e0 di acquisto della cittadinanza a favore del figlio minore prevista dall\u2019articolo 4, comma 1-bis, della legge n. 91\/1992, poich\u00e9 il genitore riconosciuto non \u00e8 un cittadino italiano per nascita.<\/p>\n<h1><a name=\"_Toc201249294\"><\/a>Certificato di \u201cnon rinuncia\u201d<\/h1>\n<p style=\"text-align: justify;\">Se l\u2019interessato\/a ha deciso di stabilire la propria residenza in Italia, le autorit\u00e0 del Comune italiano sono responsabili del riconoscimento della cittadinanza italiana. Una volta registrato nel registro della popolazione residente, il cittadino straniero pu\u00f2 avviare la procedura per il riconoscimento della cittadinanza <em>iure sanguinis<\/em> (la cui durata \u00e8 stabilita dalla legge, 180 giorni in totale), presentando la documentazione indicata nella Circolare K.28.1\/1991. Non \u00e8 possibile che l\u2019interessato\/a si avvalga di un rappresentante legale o di qualcun altro al suo posto; l\u2019interessato\/a deve essere presente sul territorio.<\/p>\n<p style=\"text-align: justify;\">La richiesta di emissione del Certificato di \u201cMancata Rinuncia\/Non Rinuncia\u201d \u00e8 effettuata direttamente dal Comune italiano al Consolato, esclusivamente tramite PEC (posta elettronica certificata). La risposta del Consolato al Comune (non all\u2019interessato\/a) avviene sempre e solo tramite PEC, nel caso in cui la richiesta sia stata formulata correttamente.<\/p>\n<p style=\"text-align: justify;\">Gli interessati non possono contattare direttamente l\u2019Ufficio consolare riguardo a pratiche svolte da Comuni o da altri Uffici consolari, poich\u00e9 non si conosce l\u2019evoluzione delle stesse oltre la propria responsabilit\u00e0.<\/p>\n","protected":false},"excerpt":{"rendered":"Cittadinanza e Adozione Il decreto-legge 28 marzo 2025, n. 36, \u00e8 stato convertito con modificazioni nella\u00a0legge\u00a023 maggio 2025, n. 74, con vigenza dal 24 maggio 2025. La legge di conversione riforma la\u00a0legge 5 febbraio 1992, n. 91, il cui nuovo testo integrale \u00e8 disponibile al seguente\u00a0link Si attira, in particolare, l\u2019attenzione sul\u00a0nuovo art. 3-bis: In [&hellip;]","protected":false},"author":1,"featured_media":0,"parent":48,"menu_order":2,"comment_status":"closed","ping_status":"closed","template":"","meta":{"footnotes":""},"class_list":["post-90","page","type-page","status-publish","hentry"],"_links":{"self":[{"href":"https:\/\/ambvilnius.esteri.it\/it\/wp-json\/wp\/v2\/pages\/90","targetHints":{"allow":["GET"]}}],"collection":[{"href":"https:\/\/ambvilnius.esteri.it\/it\/wp-json\/wp\/v2\/pages"}],"about":[{"href":"https:\/\/ambvilnius.esteri.it\/it\/wp-json\/wp\/v2\/types\/page"}],"author":[{"embeddable":true,"href":"https:\/\/ambvilnius.esteri.it\/it\/wp-json\/wp\/v2\/users\/1"}],"replies":[{"embeddable":true,"href":"https:\/\/ambvilnius.esteri.it\/it\/wp-json\/wp\/v2\/comments?post=90"}],"version-history":[{"count":3,"href":"https:\/\/ambvilnius.esteri.it\/it\/wp-json\/wp\/v2\/pages\/90\/revisions"}],"predecessor-version":[{"id":1745,"href":"https:\/\/ambvilnius.esteri.it\/it\/wp-json\/wp\/v2\/pages\/90\/revisions\/1745"}],"up":[{"embeddable":true,"href":"https:\/\/ambvilnius.esteri.it\/it\/wp-json\/wp\/v2\/pages\/48"}],"wp:attachment":[{"href":"https:\/\/ambvilnius.esteri.it\/it\/wp-json\/wp\/v2\/media?parent=90"}],"curies":[{"name":"wp","href":"https:\/\/api.w.org\/{rel}","templated":true}]}}