{"id":49,"date":"2023-04-11T18:13:11","date_gmt":"2023-04-11T16:13:11","guid":{"rendered":"https:\/\/ambasciatapraga.esteri.it\/?page_id=49"},"modified":"2023-10-04T11:31:34","modified_gmt":"2023-10-04T08:31:34","slug":"passaporti-e-carte-didentita","status":"publish","type":"page","link":"https:\/\/ambvilnius.esteri.it\/it\/servizi-consolari-e-visti\/servizi-per-il-cittadino-italiano\/passaporti-e-carte-didentita\/","title":{"rendered":"Passaporti e Carte d\u2019identit\u00e0"},"content":{"rendered":"<h3>PASSAPORTI<\/h3>\n<p align=\"justify\">\n<p>Il passaporto \u00e8 un documento di viaggio e riconoscimento. Il suo rilascio \u00e8 di competenza dell\u2019Ufficio Passaporti della Circoscrizione Consolare in cui il cittadino italiano \u00e8 residente.<br \/>\nIn realt\u00e0, per risiedere e viaggiare nei Paesi dell&#8217;Unione Europea \u00e8 sufficiente la carta d&#8217;identit\u00e0 valida per l&#8217;espatrio, rilasciata dal Comune di iscrizione AIRE in Italia. E&#8217; tuttavia sempre consigliabile avere un passaporto oltre a una carta d&#8217;identit\u00e0 valida.<\/p>\n<p>Per il rilascio del passaporto occorre presentarsi all\u2019Ufficio Passaporti della Circoscrizione Consolare in cui il cittadino \u00e8 residente con la seguente documentazione:<br \/>\n&#8211; formulario di richiesta del passaporto firmato dall&#8217;interessato;<br \/>\n&#8211; carta d&#8217;identit\u00e0;<br \/>\n&#8211; due fotografie recenti (uguali, frontali, a colori);<br \/>\n&#8211; permesso di soggiorno o un giustificativo dell\u2019effettivo domicilio nella Circoscrizione.<\/p>\n<p>N.B. Perch\u00e9 un italiano residente all\u2019estero ottenga il passaporto, \u00e8 necessario che sia iscritto all\u2019A.I.R.E. di un Comune italiano).<\/p>\n<p>Un cittadino italiano all\u2019estero pu\u00f2 richiedere il rilascio del passaporto presso una circoscrizione consolare in cui non \u00e8 residente, ma in tal caso occorre attendere la delga dell&#8217;Ufficio (Questura o Consolato Italiano) competente per il territorio di residenza.<\/p>\n<h4><\/h4>\n<h4>VALIDITA&#8217; DEI PASSAPORTI<\/h4>\n<p>Secondo la nuova normativa, i passaporti rilasciati a partire dal 4 febbraio 2003 hanno una validit\u00e0 di dieci anni.<\/p>\n<p>N.B.: Dal 26 giugno 2012 tutti i minori italiani che viaggiano dovranno essere muniti di documento di viaggio individuale. Pertanto, a partire dalla predetta data i minori, anche se iscritti sui passaporti dei genitori, dovranno essere in possesso di passaporto individuale oppure, qualora gli Stati attraversati ne riconoscano la validit\u00e0, di carta d&#8217;identit\u00e0 valida per l&#8217;espatrio o di altro documento equipollente.<\/p>\n<h4><\/h4>\n<h4>Furto o smarrimento del passaporto (residenti all\u2019estero)<\/h4>\n<p>Occorre che il cittadino si presenti all\u2019Ufficio Passaporti del Consolato con la seguente documentazione:<br \/>\n&#8211; denuncia di furto o smarrimento del passaporto effettuato presso la locale competente Autorit\u00e0 di Polizia;<br \/>\n&#8211; documento di riconoscimento valido con fotografia;<br \/>\n&#8211; permesso di soggiorno o un giustificativo dell\u2019effettivo domicilio nella Circoscrizione.<\/p>\n<h4><\/h4>\n<h4>Furto o smarrimento del passaporto (non residenti all\u2019estero) &#8211; Rilascio ETD (documento di viaggio provvisorio)<\/h4>\n<p>Qualora il cittadino italiano si trovi in una situazione di emergenza (ad esempio un turista in transito che deve partire tempestivamente e perde o viene derubato del proprio passaporto) e non si faccia in tempo a richiedere alla Questura o al Consolato che ha rilasciato il documento smarrito l&#8217;autorizzazione all\u2019emissione di un nuovo libretto, il Consolato Generale rilascia un &#8220;Documento di Viaggio&#8221; -ETD- con validit\u00e0 per il solo viaggio di rientro in Italia. Per ottenerlo, bisogna presentarsi in Consolato con la seguente documentazione:<br \/>\n&#8211; denuncia di furto o smarrimento del passaporto effettuato presso la locale competente Autorit\u00e0 di Polizia;<br \/>\n&#8211; 2 fotografie (uguali, frontali, a colori);<br \/>\n&#8211; biglietto aereo originale, con la data di partenza confermata.<\/p>\n<div>\n<p><strong>CARTA DI IDENTITA&#8217; ELETTRONICA (CIE)<br \/>\n<\/strong><\/p>\n<p>La Carta d&#8217;Identit\u00e0 Elettronica pu\u00f2 essere rilasciata esclusivamente ai cittadini italiani regolarmente residenti nella propria circoscrizione consolare, che siano gi\u00e0 registrati nello schedario consolare e i cui dati anagrafici siano gi\u00e0 presenti nella banca dati A.I.R.E. (Anagrafe degli Italiani Residenti all&#8217;Estero) del Ministero dell&#8217;Interno (e in futuro in ANPR).<\/p>\n<p>Ai fini dell\u2019emissione della CIE \u00e8 inoltre necessario possedere il codice fiscale validato. In mancanza, il codice fiscale stesso sar\u00e0 attribuito o validato dall\u2019Agenzia delle Entrate per il tramite dell\u2019Ufficio consolare preliminarmente al rilascio della CIE.<\/p>\n<p>1. VALIDITA&#8217; TEMPORALE<\/p>\n<p>La validit\u00e0 della carta d\u2019identit\u00e0 varia a seconda all&#8217;et\u00e0 del titolare:<\/p>\n<p>&#8211; minori di tre anni: la carta vale tre anni<\/p>\n<p>&#8211; minori tra tre e diciotto anni: la carta vale 5 anni<\/p>\n<p>&#8211; maggiorenni: la carta vale 10 anni<\/p>\n<p>2. MODALITA&#8217; DI RICHIESTA<\/p>\n<p>La richiesta della carta d&#8217;identit\u00e0 elettronica deve essere presentata utilizzando il seguente indirizzo email: <a href=\"mailto:consolare.vilnius@esteri.it\">consolare.vilnius@esteri.it<\/a><\/p>\n<p>Si precisa che dal momento della richiesta alla data fissata per l\u2019appuntamento trascorrono almeno 15 giorni, necessari per consentire all\u2019ufficio consolare di effettuare il controllo dei dati anagrafici, risolvere eventuali disallineamenti e verificare che non sussistano cause ostative al rilascio del documento.<\/p>\n<p>3. APPUNTAMENTO E DOCUMENTAZIONE DA PRESENTARE IL GIORNO DELL&#8217;APPUNTAMENTO<\/p>\n<p>Cittadini maggiorenni:<\/p>\n<p>-1 fototessera, in formato cartaceo dello stesso tipo di quelle utilizzate per il passaporto (<a href=\"https:\/\/ambvilnius.esteri.it\/ambasciata_vilnius\/resource\/doc\/2020\/06\/3._foto_criteri_icao.pdf\">link a FOTO CRITERI ICAO<\/a>);<\/p>\n<p>&#8211; documento di riconoscimento ai sensi del D.P.R. 445\/2000. Se non ne \u00e8 in possesso, il richiedente dovr\u00e0 presentarsi accompagnato da due testimoni;<\/p>\n<p>&#8211; atto di assenso dell\u2019altro genitore nel caso in cui il richiedente abbia figli minori di 18 anni (a prescindere dallo stato civile del richiedente: celibe\/nubile, coniugato, separato o divorziato) \u2013 <a href=\"https:\/\/ambvilnius.esteri.it\/ambasciata_vilnius\/resource\/doc\/2020\/06\/1._modulo_atto_di_assenso_altro_genitore_mod._a.doc\">LINK A MODULO 1<\/a><\/p>\n<p>Cittadini minorenni:<\/p>\n<p>&#8211; 1 fototessera, in formato cartaceo dello stesso tipo di quelle utilizzate per il passaporto (<a href=\"https:\/\/ambvilnius.esteri.it\/ambasciata_vilnius\/resource\/doc\/2020\/06\/3._foto_criteri_icao.pdf\">criteri ICAO<\/a>);<\/p>\n<p>&#8211; documento di riconoscimento ai sensi del D.P.R. 445\/2000. Se non ne \u00e8 in possesso, il richiedente dovr\u00e0 presentarsi accompagnato da due testimoni;<\/p>\n<p>&#8211; atto di assenso di entrambi genitori \u2013 <a href=\"https:\/\/ambvilnius.esteri.it\/ambasciata_vilnius\/resource\/doc\/2020\/06\/2._modulo_assenso_passaporto_carta_identit_minore_mod._b.doc\">LINK A MODULO 2<\/a><\/p>\n<p>Al momento dell\u2019appuntamento l\u2019operatore consolare acquisir\u00e0 la foto e, salvo che per i minori di 12 anni, le impronte digitali, e la firma, che saranno registrate in sicurezza all\u2019interno del microchip presente nella propria CIE e non depositate in nessun altro luogo.<br \/>\nSi informa che non \u00e8 possibile fare fotografie presso la Cancelleria Consolare.<\/p>\n<p>4. COSTO<\/p>\n<p>Il costo del documento \u00e8 di:<\/p>\n<p>21,95 euro complessivi, in caso di primo rilascio o rinnovo; 27,11 euro complessivi in caso di duplicato per furto o smarrimento.<\/p>\n<p>Il pagamento potr\u00e0 essere effettuato il giorno dell\u2019appuntamento nelle modalit\u00e0 seguenti:<\/p>\n<p>1. In contanti (possibilmente somma esatta);<\/p>\n<p>2. Carta di credito\/debito (verr\u00e0 applicata una commissione bancaria sulla transazione);<\/p>\n<p>3. Bonifico bancario sulle coordinate bancarie dell\u2019Ambasciata d\u2019Italia in Vilnius che sono le seguenti (<a href=\"https:\/\/ambvilnius.esteri.it\/ambasciata_vilnius\/resource\/doc\/2020\/06\/4._coordinate_bancarie_ambasciata.pdf\">LINK A COORDINATE BANCARIE<\/a>). Nella causale pregasi indicare il cognome ed il nome del richiedente la carta di identit\u00e0.<\/p>\n<p>5. CONSEGNA DELLA CARTA D&#8217;IDENTITA&#8217;<\/p>\n<p>La CIE viene stampata e poi recapitata a mezzo posta presso l\u2019indirizzo di residenza (o recapito) dichiarato dal richiedente, a cura dell\u2019Istituto Poligrafico e Zecca dello Stato, entro 15 giorni dalla data della richiesta in Consolato.<\/p>\n<p>In caso di mancata consegna per indirizzo errato, \u00e8 prevista la giacenza presso il locale ufficio postale, al termine della quale il plico viene restituito all\u2019Ufficio consolare di riferimento per un ulteriore tentativo di consegna.<\/p>\n<p>In presenza di casi particolari, l&#8217;Ufficio si riserva di applicare procedure differenziate rispetto a quelle sopra illustrate, aventi carattere generale.<\/p>\n<p>6. DOCUMENTAZIONE ULTERIORE IN CASO DI FIGLI MINORI O PER LA CARTA D\u2019IDENTITA\u2019 PER I MINORI<\/p>\n<p>Se il richiedente ha figli minori, dovr\u00e0 presentare l\u2019atto di assenso dell\u2019altro genitore al rilascio della propria carta d\u2019identit\u00e0 a prescindere dallo stato civile del richiedente (celibe\/nubile, coniugato, separato o divorziato) e della cittadinanza dell\u2019altro genitore (<a href=\"https:\/\/ambvilnius.esteri.it\/ambasciata_vilnius\/resource\/doc\/2020\/06\/1._modulo_atto_di_assenso_altro_genitore_mod._a.doc\">MODULO1<\/a>), unitamente alla fotocopia di un documento di riconoscimento dell\u2019altro genitore che presta l\u2019assenso dove siano visibili firma, generalit\u00e0 e fotografia del titolare (se l\u2019altro genitore \u00e8 cittadino di un Paese extra UE, la sua firma dovr\u00e0 essere autenticata presso questa Ambasciata o, in alternativa, presso un notaio Pubblico).<\/p>\n<p><strong>NOTA BENE<\/strong>: Il rilascio della carta d\u2019identit\u00e0 a favore di minori nati in Lituania o all\u2019estero non potr\u00e0 avvenire se non si \u00e8 prima proceduto alla trascrizione della nascita presso il competente Comune italiano ed alla contestuale iscrizione all\u2019AIRE. Pertanto si suggerisce di provvedere immediatamente dopo la nascita di un figlio alla trascrizione della nascita ed iscrizione all\u2019AIRE, in quanto solo dopo tali trascrizioni da parte del Comune italiano sar\u00e0 possibile ottenere il rilascio della carta d\u2019identit\u00e0.<\/p>\n<p>Qui di seguito il link al video realizzato in occasione del lancio della CIE in Europa:<\/p>\n<p><a href=\"https:\/\/www.youtube.com\/watch?v=xy8Jgsr-FYI\">https:\/\/www.youtube.com\/watch?v=xy8Jgsr-FYI<\/a><\/p>\n<\/div>\n","protected":false},"excerpt":{"rendered":"PASSAPORTI Il passaporto \u00e8 un documento di viaggio e riconoscimento. Il suo rilascio \u00e8 di competenza dell\u2019Ufficio Passaporti della Circoscrizione Consolare in cui il cittadino italiano \u00e8 residente. In realt\u00e0, per risiedere e viaggiare nei Paesi dell&#8217;Unione Europea \u00e8 sufficiente la carta d&#8217;identit\u00e0 valida per l&#8217;espatrio, rilasciata dal Comune di iscrizione AIRE in Italia. E&#8217; [&hellip;]","protected":false},"author":1,"featured_media":0,"parent":47,"menu_order":0,"comment_status":"closed","ping_status":"closed","template":"","meta":{"footnotes":""},"class_list":["post-49","page","type-page","status-publish","hentry"],"_links":{"self":[{"href":"https:\/\/ambvilnius.esteri.it\/it\/wp-json\/wp\/v2\/pages\/49","targetHints":{"allow":["GET"]}}],"collection":[{"href":"https:\/\/ambvilnius.esteri.it\/it\/wp-json\/wp\/v2\/pages"}],"about":[{"href":"https:\/\/ambvilnius.esteri.it\/it\/wp-json\/wp\/v2\/types\/page"}],"author":[{"embeddable":true,"href":"https:\/\/ambvilnius.esteri.it\/it\/wp-json\/wp\/v2\/users\/1"}],"replies":[{"embeddable":true,"href":"https:\/\/ambvilnius.esteri.it\/it\/wp-json\/wp\/v2\/comments?post=49"}],"version-history":[{"count":3,"href":"https:\/\/ambvilnius.esteri.it\/it\/wp-json\/wp\/v2\/pages\/49\/revisions"}],"predecessor-version":[{"id":1516,"href":"https:\/\/ambvilnius.esteri.it\/it\/wp-json\/wp\/v2\/pages\/49\/revisions\/1516"}],"up":[{"embeddable":true,"href":"https:\/\/ambvilnius.esteri.it\/it\/wp-json\/wp\/v2\/pages\/47"}],"wp:attachment":[{"href":"https:\/\/ambvilnius.esteri.it\/it\/wp-json\/wp\/v2\/media?parent=49"}],"curies":[{"name":"wp","href":"https:\/\/api.w.org\/{rel}","templated":true}]}}