{"id":40,"date":"2023-04-11T18:01:19","date_gmt":"2023-04-11T16:01:19","guid":{"rendered":"https:\/\/ambasciatapraga.esteri.it\/?page_id=40"},"modified":"2025-04-14T08:30:58","modified_gmt":"2025-04-14T05:30:58","slug":"gli-uffici","status":"publish","type":"page","link":"https:\/\/ambvilnius.esteri.it\/it\/chi-siamo\/gli-uffici\/","title":{"rendered":"Gli Uffici"},"content":{"rendered":"<h3>Gli uffici<\/h3>\n<p><strong>L\u2018orario di apertura<\/strong>. L\u2018Ufficio consolare \u00e8 aperto al pubblico nei seguenti giorni (solo tramite appuntamento telefonico o tramite e-mail a\u00a0<a href=\"mailto:consolare.vilnius@esteri.it\">consolare.vilnius@esteri.it<\/a>):<\/p>\n<ul>\n<li>Luned\u00ec: dalle ore 9:00 alle ore 11:00<\/li>\n<li>Marted\u00ec: dalle ore 9:00 alle ore 11:00 e dalle ore 14:30 alle ore 15:30<\/li>\n<li>Gioved\u00ec: dalle ore 9:00 alle ore 11:00<\/li>\n<li>Venerd\u00ec: dalle ore 9:00 alle ore 11:00.<\/li>\n<\/ul>\n<p>&nbsp;<\/p>\n<p><strong>L&#8217;Ambasciata osserva un certo numero di festivit\u00e0 italiane e lituane ed \u00e8 chiusa al pubblico nei seguenti giorni festivi<\/strong>:<span lang=\"LT\"><strong>\u00a0<\/strong><\/span><\/p>\n<ul>\n<li>1 gennaio &#8211; Capodanno<\/li>\n<li>16 febbraio &#8211; Indipendenza della Lituania 1918<\/li>\n<li>11 marzo &#8211; Indipendenza della Lituania 1990<\/li>\n<li>21 aprile &#8211; Lunedi dell&#8217;Angelo<\/li>\n<li>25 aprile &#8211; Festa della Liberazione<\/li>\n<li>1 maggio &#8211; Festa del Lavoro<\/li>\n<li>2 giugno &#8211; Festa della Repubblica Italiana<\/li>\n<li>15 agosto &#8211; Assunzione<\/li>\n<li>1 novembre &#8211; Tutti i Santi<\/li>\n<li>25 dicembre &#8211; Natale<\/li>\n<li>26 dicembre &#8211; Santo Stefano<\/li>\n<\/ul>\n","protected":false},"excerpt":{"rendered":"Gli uffici L\u2018orario di apertura. L\u2018Ufficio consolare \u00e8 aperto al pubblico nei seguenti giorni (solo tramite appuntamento telefonico o tramite e-mail a\u00a0consolare.vilnius@esteri.it): Luned\u00ec: dalle ore 9:00 alle ore 11:00 Marted\u00ec: dalle ore 9:00 alle ore 11:00 e dalle ore 14:30 alle ore 15:30 Gioved\u00ec: dalle ore 9:00 alle ore 11:00 Venerd\u00ec: dalle ore 9:00 alle [&hellip;]","protected":false},"author":1,"featured_media":0,"parent":13,"menu_order":4,"comment_status":"closed","ping_status":"closed","template":"","meta":{"footnotes":""},"class_list":["post-40","page","type-page","status-publish","hentry"],"_links":{"self":[{"href":"https:\/\/ambvilnius.esteri.it\/it\/wp-json\/wp\/v2\/pages\/40","targetHints":{"allow":["GET"]}}],"collection":[{"href":"https:\/\/ambvilnius.esteri.it\/it\/wp-json\/wp\/v2\/pages"}],"about":[{"href":"https:\/\/ambvilnius.esteri.it\/it\/wp-json\/wp\/v2\/types\/page"}],"author":[{"embeddable":true,"href":"https:\/\/ambvilnius.esteri.it\/it\/wp-json\/wp\/v2\/users\/1"}],"replies":[{"embeddable":true,"href":"https:\/\/ambvilnius.esteri.it\/it\/wp-json\/wp\/v2\/comments?post=40"}],"version-history":[{"count":6,"href":"https:\/\/ambvilnius.esteri.it\/it\/wp-json\/wp\/v2\/pages\/40\/revisions"}],"predecessor-version":[{"id":1709,"href":"https:\/\/ambvilnius.esteri.it\/it\/wp-json\/wp\/v2\/pages\/40\/revisions\/1709"}],"up":[{"embeddable":true,"href":"https:\/\/ambvilnius.esteri.it\/it\/wp-json\/wp\/v2\/pages\/13"}],"wp:attachment":[{"href":"https:\/\/ambvilnius.esteri.it\/it\/wp-json\/wp\/v2\/media?parent=40"}],"curies":[{"name":"wp","href":"https:\/\/api.w.org\/{rel}","templated":true}]}}