{"id":15,"date":"2023-04-11T17:08:57","date_gmt":"2023-04-11T15:08:57","guid":{"rendered":"https:\/\/ambasciatapraga.esteri.it\/?page_id=15"},"modified":"2026-02-11T15:43:03","modified_gmt":"2026-02-11T13:43:03","slug":"servizi-consolari-e-visti","status":"publish","type":"page","link":"https:\/\/ambvilnius.esteri.it\/it\/servizi-consolari-e-visti\/","title":{"rendered":"Servizi Consolari e Visti"},"content":{"rendered":"<h3>Servizi consolari<\/h3>\n<div>\n<ul type=\"disc\">\n<li><a title=\"Minori\/Sottrazione di minori\" href=\"https:\/\/www.esteri.it\/it\/servizi-consolari-e-visti\/italiani-all-estero\/minori-estero\/sottrazioneinternazionalediminori\/\">Minori\/Sottrazione di minori<\/a><\/li>\n<li><a title=\"Navigazione\" href=\"http:\/\/www.esteri.it\/MAE\/IT\/Italiani_nel_Mondo\/ServiziConsolari\/Navigazione.htm\">Navigazione<\/a><\/li>\n<li><a title=\"Notifiche all'estero\" href=\"http:\/\/www.esteri.it\/MAE\/IT\/Italiani_nel_Mondo\/ServiziConsolari\/Notifiche_estero.htm\">Notifiche all&#8217;estero<\/a><\/li>\n<li><a title=\"Successioni\" href=\"https:\/\/www.esteri.it\/it\/servizi-consolari-e-visti\/italiani-all-estero\/successioni_0\/\">Successioni<\/a><\/li>\n<li><a href=\"https:\/\/ambvilnius.esteri.it\/ambasciata_vilnius\/resource\/doc\/2017\/02\/certificato_del_casellario_giudiziale.pdf\">Certificato del casellario giudiziale<\/a><\/li>\n<li><a href=\"https:\/\/ambvilnius.esteri.it\/ambasciata_vilnius\/resource\/doc\/2017\/02\/circolare_del_ministero_dell_interno_n__1_del_19_gennaio_2017_1.pdf\">Attribuzione cognome materno<\/a><\/li>\n<li><a title=\"Decreto di autorizzazione al cambiamento del nome\" href=\"https:\/\/ambvilnius.esteri.it\/ambasciata_vilnius\/resource\/doc\/2018\/10\/decreto_boudou_helene0001.pdf\">Decreto di autorizzazione al cambiamento del nome\u00a0cambiamento del nome<\/a><\/li>\n<li><a href=\"https:\/\/ambvilnius.esteri.it\/wp-content\/uploads\/2026\/02\/Codice-Fiscale.pdf\">Codice Fiscale<\/a><\/li>\n<li><a href=\"https:\/\/www.agenziaentrate.gov.it\/portale\/documents\/20143\/278893\/modello+editabile+AA4_8_AA4-8+ita.pdf\/e614eda6-701e-c62f-76e5-bdfcd731060a\">Domanda di attribuzione codice fiscale, comunicazione variazione dati e richiesta tesserino\/duplicato tessera sanitaria<\/a> (Si informa che per richiedere il Codice Fiscale \u00e8 necessario compilare il formulario allegando la copia del passaporto)<\/li>\n<\/ul>\n<p><strong>Servizi Consolari\u00a0<\/strong><\/p>\n<p>I servizi consolari sono erogati secondo principi di eguaglianza, imparzialit\u00e0, efficienza e trasparenza.<\/p>\n<p>I Consolati assicurano a tutti i connazionali tutela in caso di violazione dei loro diritti fondamentali e di limitazione o privazione della loro libert\u00e0 personale. Inoltre assicurano assistenza per i casi di emergenza, per la ricerca di familiari, per le pratiche di successione aperte all&#8217;estero e per il rimpatrio delle salme. Per ogni informazione riguardante la normativa consolare, si prega di visitare il sito del <a title=\"Ministero Affari Esteri \" href=\"https:\/\/www.esteri.it\/it\/servizi-consolari-e-visti\/\">Ministero Affari Esteri.<\/a><\/p>\n<ul>\n<li><a href=\"https:\/\/ambvilnius.esteri.it\/wp-content\/uploads\/2024\/12\/Elenco-degli-studi-legali-agg.-04.12.2024.pdf\">ELENCO STUDI LEGALI<\/a><\/li>\n<li><a href=\"https:\/\/ambvilnius.esteri.it\/wp-content\/uploads\/2025\/09\/ELENCO-TRADUTTORI-29-09-2025-1.pdf\">ELENCO TRADUTTORI<\/a><\/li>\n<\/ul>\n<div>\n<div align=\"left\"><strong>AVVISI IMPORTANTI:<br \/>\n<\/strong><br \/>\nSe state organizzando un viaggio in auto\/moto\/camper in Lituania, tenete presente che:<br \/>\n&#8211;\u00a0Ogni mezzo di trasporto che attraversa la frontiera Lituana, deve essere munito dei relativi documenti\u00a0in originale.<br \/>\n&#8211;\u00a0Nel caso il mezzo di trasporto venga noleggiato, sara\u2019 quindi necessario insistere perche\u2019 la compagnia di autonoleggio consegni i documenti del veicolo\u00a0in originale.=================================================================<\/div>\n<div align=\"justify\">\n<p>PER L&#8217;INGRESSO IN LITUANIA DI CITTADINI ITALIANI, ANCHE MINORENNI, SONO NECESSARI UN PASSAPORTO O UNA CARTA DI IDENTITA&#8217; VALIDI OPPURE ANCORA L&#8217;ISCRIZIONE SUL PASSAPORTO DI UNO DEI GENITORI.\u00a0<strong>NESSUN ALTRO DOCUMENTO E&#8217; RICONOSCIUTO<\/strong><\/p>\n<p>IN PARTICOLARE, ALLA LUCE DEI RECENTI EPISODI, SI RICORDA CHE IL &#8220;CERTIFICATO DI NASCITA CON FOTOGRAFIA&#8221; NON E&#8217; UTILIZZABILE PER L&#8217;INGRESSO IN LITUANIA.<\/p>\n<p>IN ASSENZA DI DOCUMENTI VALIDI SI RISCHIA IL RESPINGIMENTO ALLA FRONTIERA<\/p>\n<\/div>\n<div align=\"justify\"><\/div>\n<div align=\"justify\">=================================================================<\/div>\n<div align=\"justify\"><\/div>\n<div align=\"justify\">\n<p>Si informano i connazionali, genitori di figli minori, che a partire dal 14 giugno 2023 non sar\u00e0 pi\u00f9 necessario presentare l\u2019atto di assenso dell\u2019altro genitore ai fini del rilascio del proprio documento d\u2019identit\u00e0 (passaporto e CIE), ai sensi del D.L. 69\/2023.Nello specifico il novellato articolo 3-bis della L. 1185\/1967 indica che, quando vi \u00e8 concreto e attuale pericolo che a causa del trasferimento all\u2019estero questo possa sottrarsi all&#8217;adempimento dei suoi obblighi verso i figli, sar\u00e0 possibile per l\u2019altro genitore richiedere una inibitoria al rilascio del documento.<\/p>\n<p>L\u2019istanza potr\u00e0 essere presentata presso il giudice competente presso il Tribunale ordinario in cui il minore ha la residenza abituale ovvero, se il minore \u00e8 residente all\u2019estero, il Tribunale nel cui circondario si trova il suo Comune di iscrizione AIRE.<\/p>\n<p>Ai fini del rilascio dei documenti per i minori, invece, resta l\u2019obbligo dell\u2019assenso firmato da entrambi i genitori o da chi esercita la responsabilit\u00e0 genitoriale.<\/p>\n<p><a href=\"https:\/\/ambvilnius.esteri.it\/ambasciata_vilnius\/resource\/doc\/2023\/06\/dichiarazione_assenza_ostative_passaporto.pdf\">Dichiarazione assenza ostative passaporto<\/a><\/p>\n<\/div>\n<p><strong>AVVISO<\/strong><\/p>\n<p>Dal 24 gugno 2014 \u00e8 stato introdotto un contributo amministrativo di 73,50 EUR per il rilascio del passaporto ordinario, oltre al costo del libretto pari a 42,50 EUR, per un totale di 116,00 EUR.<\/p>\n<p>Contestualmente \u00e8 stata abolita la tassa di rilascio e quella annuale del passaporto ordinario (quindi il contributo di 73,50 EUR \u00e8 valido fino alla scadenza del documento) nonch\u00e9 quella di rilascio del passaporto temporaneo e di quello collettivo.<\/p>\n<p>Ai sensi di quanto previsto dalla Tariffa consolare, all\u2019estero tale modifica entra in vigore l\u20198 luglio 2014 (<a href=\"http:\/\/www.esteri.it\/\">www.esteri.it<\/a>).<\/p>\n<\/div>\n<p><strong>Informativa sul trattamento dei dati personali<\/strong><\/p>\n<p><a href=\"https:\/\/ambvilnius.esteri.it\/wp-content\/uploads\/2025\/05\/informativa_tdp_VILNIUS.pdf\">Clicca qui<\/a> per scaricare l\u2019Informativa sul trattamento dei dati personali ai fini dell\u2019erogazione dei servizi consolari (ad esclusione del rilascio dei visti e delle pratiche di cittadinanza).<\/p>\n<\/div>\n","protected":false},"excerpt":{"rendered":"Servizi consolari Minori\/Sottrazione di minori Navigazione Notifiche all&#8217;estero Successioni Certificato del casellario giudiziale Attribuzione cognome materno Decreto di autorizzazione al cambiamento del nome\u00a0cambiamento del nome Codice Fiscale Domanda di attribuzione codice fiscale, comunicazione variazione dati e richiesta tesserino\/duplicato tessera sanitaria (Si informa che per richiedere il Codice Fiscale \u00e8 necessario compilare il formulario allegando la [&hellip;]","protected":false},"author":1,"featured_media":0,"parent":0,"menu_order":6,"comment_status":"closed","ping_status":"closed","template":"","meta":{"footnotes":""},"class_list":["post-15","page","type-page","status-publish","hentry"],"_links":{"self":[{"href":"https:\/\/ambvilnius.esteri.it\/it\/wp-json\/wp\/v2\/pages\/15","targetHints":{"allow":["GET"]}}],"collection":[{"href":"https:\/\/ambvilnius.esteri.it\/it\/wp-json\/wp\/v2\/pages"}],"about":[{"href":"https:\/\/ambvilnius.esteri.it\/it\/wp-json\/wp\/v2\/types\/page"}],"author":[{"embeddable":true,"href":"https:\/\/ambvilnius.esteri.it\/it\/wp-json\/wp\/v2\/users\/1"}],"replies":[{"embeddable":true,"href":"https:\/\/ambvilnius.esteri.it\/it\/wp-json\/wp\/v2\/comments?post=15"}],"version-history":[{"count":7,"href":"https:\/\/ambvilnius.esteri.it\/it\/wp-json\/wp\/v2\/pages\/15\/revisions"}],"predecessor-version":[{"id":1905,"href":"https:\/\/ambvilnius.esteri.it\/it\/wp-json\/wp\/v2\/pages\/15\/revisions\/1905"}],"wp:attachment":[{"href":"https:\/\/ambvilnius.esteri.it\/it\/wp-json\/wp\/v2\/media?parent=15"}],"curies":[{"name":"wp","href":"https:\/\/api.w.org\/{rel}","templated":true}]}}