{"id":122,"date":"2023-09-12T10:40:47","date_gmt":"2023-09-12T08:40:47","guid":{"rendered":"https:\/\/ambvilnius.esteri.it\/?page_id=122"},"modified":"2026-01-30T15:03:05","modified_gmt":"2026-01-30T13:03:05","slug":"contatti","status":"publish","type":"page","link":"https:\/\/ambvilnius.esteri.it\/it\/chi-siamo\/contatti\/","title":{"rendered":"Contatti"},"content":{"rendered":"<h3><strong>LO STAFF DELL\u2019AMBASCIATA D\u2019ITALIA A VILNIUS<\/strong><\/h3>\n<ul>\n<li><strong>AMBASCIATORE<\/strong> \u2013 Emanuele de Maigret: <a href=\"mailto:ambasciata.vilnius@esteri.it\">ambasciata.vilnius@esteri.it<\/a><\/li>\n<li><strong>VICE CAPO MISSIONE<\/strong>\u00a0\u2013 Alice Barberis: <a href=\"mailto:ambasciata.vilnius@esteri.it\">ambasciata.vilnius@esteri.it<\/a><\/li>\n<li><strong>ADDETTO PER LA DIFESA<\/strong> \u2013 Col. Giovanni Trebisonda (Ambasciata d&#8217;Italia a Tallinn)<\/li>\n<li><strong>ESPERTO DELLA GUARDIA DI FINANZA<\/strong> &#8211; Col. Giacomo Scili Bellomo<\/li>\n<li><strong>ESPERTO PER LA SICUREZZA<\/strong> \u2013 Ten. Col. CC Stefano Saccocci<\/li>\n<li><strong>UFFICIO CONSOLARE\u00a0<\/strong> \u2013 Kristaps Jerums: <a href=\"mailto:consolare.vilnius@esteri.it\">consolare.vilnius@esteri.it<\/a><strong><br \/>\n<\/strong><\/li>\n<li><strong>UFFICIO AMMINISTRATIVO<\/strong> \u2013 Natalia Kremko: <a href=\"natalia.kremko@esteri.it\">natalia.kremko@esteri.it<\/a><\/li>\n<li><strong>UFFICIO COMMERCIALE:<\/strong> <a href=\"mailto:commerciale.vilnius@esteri.it\">commerciale.vilnius@esteri.it<\/a><\/li>\n<li><strong>SEGRETERIA AMBASCIATORE:<\/strong> <a href=\"mailto:ambasciata.vilnius@esteri.it\">ambasciata.vilnius@esteri.it<\/a><\/li>\n<li><strong>CENTRALINO:<\/strong> <a href=\"mailto:vilnius.centralino@esteri.it\">vilnius.centralino@esteri.it<\/a><\/li>\n<\/ul>\n<p>Cancelleria \u2013 \u017dvej\u0173 g. 14a, Vilnius LT09310<br \/>\nTel. +37052120620\/1\/2, Fax +37052120405<br \/>\n<a href=\"mailto:ambasciata.vilnius@esteri.it\">ambasciata.vilnius@esteri.it<\/a><\/p>\n<p><a href=\"mailto:amb.vilnius@cert.esteri.it\">amb.vilnius@cert.esteri.it<\/a>, <a href=\"mailto:amb.vilnius.pass@cert.esteri.it\">amb.vilnius.pass@cert.esteri.it<\/a> (indirizzi abilitati esclusivamente alla ricezione di posta elettronica certificata (PEC)).<\/p>\n<p>&nbsp;<\/p>\n<h3><strong>LO STAFF DELL\u2018ISTITUTO ITALIANO DI CULTURA DI VILNIUS<\/strong><\/h3>\n<ul>\n<li>Daiva Vitkauskait\u0117<\/li>\n<li>Jurgita Sviderskien\u0117<\/li>\n<li>Giedr\u0117 Bagd\u017ei\u016bnait\u0117<\/li>\n<\/ul>\n<p>Universiteto g., 4 \u2013 LT01122 Vilnius<br \/>\nTel. +37052611076\/7<br \/>\n<a href=\"mailto:iicvilnius@esteri.it\">iicvilnius@esteri.it<\/a><br \/>\n<a href=\"http:\/\/www.iicvilnius.esteri.it\">www.iicvilnius.esteri.it<\/a><\/p>\n<h3><strong>LO STAFF DELL&#8217;ANTENNA ICE VARSAVIA A VILNIUS<\/strong><\/h3>\n<p>Sandra\u00a0 Pla\u010denyt\u0117<\/p>\n<p><a href=\"mailto:s.placenyte.ext@ice.it\">s.placenyte.ext@ice.it<\/a><\/p>\n<p>Tel. +37052120620\/1\/2<\/p>\n","protected":false},"excerpt":{"rendered":"LO STAFF DELL\u2019AMBASCIATA D\u2019ITALIA A VILNIUS AMBASCIATORE \u2013 Emanuele de Maigret: ambasciata.vilnius@esteri.it VICE CAPO MISSIONE\u00a0\u2013 Alice Barberis: ambasciata.vilnius@esteri.it ADDETTO PER LA DIFESA \u2013 Col. Giovanni Trebisonda (Ambasciata d&#8217;Italia a Tallinn) ESPERTO DELLA GUARDIA DI FINANZA &#8211; Col. Giacomo Scili Bellomo ESPERTO PER LA SICUREZZA \u2013 Ten. Col. CC Stefano Saccocci UFFICIO CONSOLARE\u00a0 \u2013 Kristaps Jerums: [&hellip;]","protected":false},"author":1,"featured_media":0,"parent":13,"menu_order":4,"comment_status":"closed","ping_status":"closed","template":"","meta":{"footnotes":""},"class_list":["post-122","page","type-page","status-publish","hentry"],"_links":{"self":[{"href":"https:\/\/ambvilnius.esteri.it\/it\/wp-json\/wp\/v2\/pages\/122","targetHints":{"allow":["GET"]}}],"collection":[{"href":"https:\/\/ambvilnius.esteri.it\/it\/wp-json\/wp\/v2\/pages"}],"about":[{"href":"https:\/\/ambvilnius.esteri.it\/it\/wp-json\/wp\/v2\/types\/page"}],"author":[{"embeddable":true,"href":"https:\/\/ambvilnius.esteri.it\/it\/wp-json\/wp\/v2\/users\/1"}],"replies":[{"embeddable":true,"href":"https:\/\/ambvilnius.esteri.it\/it\/wp-json\/wp\/v2\/comments?post=122"}],"version-history":[{"count":6,"href":"https:\/\/ambvilnius.esteri.it\/it\/wp-json\/wp\/v2\/pages\/122\/revisions"}],"predecessor-version":[{"id":1897,"href":"https:\/\/ambvilnius.esteri.it\/it\/wp-json\/wp\/v2\/pages\/122\/revisions\/1897"}],"up":[{"embeddable":true,"href":"https:\/\/ambvilnius.esteri.it\/it\/wp-json\/wp\/v2\/pages\/13"}],"wp:attachment":[{"href":"https:\/\/ambvilnius.esteri.it\/it\/wp-json\/wp\/v2\/media?parent=122"}],"curies":[{"name":"wp","href":"https:\/\/api.w.org\/{rel}","templated":true}]}}